{"id":10,"date":"2021-05-21T15:16:05","date_gmt":"2021-05-21T15:16:05","guid":{"rendered":"https:\/\/dev7.alhc.de\/?page_id=10"},"modified":"2021-06-10T10:00:19","modified_gmt":"2021-06-10T09:00:19","slug":"home","status":"publish","type":"page","link":"https:\/\/staging.equivet24.com\/","title":{"rendered":"Home"},"content":{"rendered":"\n[vc_row color_scheme=&#8220;secondary&#8220; us_bg_image_source=&#8220;media&#8220; us_shape_show_bottom=&#8220;1&#8243; us_shape_bottom=&#8220;wave&#8220; us_bg_image=&#8220;57&#8243; us_bg_pos=&#8220;top center&#8220; us_bg_parallax=&#8220;vertical&#8220; us_bg_overlay_color=&#8220;rgba(239,159,0,0.70)&#8220; gap=&#8220;&#8220;][vc_column width=&#8220;2\/3&#8243;][vc_column_text]\n<h1>Tsch\u00fcss Pferdetransport.<br \/>\nHallo Online-Tierarzt.<\/h1>\n[\/vc_column_text][us_iconbox icon=&#8220;fas|check&#8220; iconpos=&#8220;left&#8220; title=&#8220;Schnelle Hilfe f\u00fcr Ihr Pferd&#8220; title_tag=&#8220;h6&#8243; alignment=&#8220;left&#8220;][\/us_iconbox][us_iconbox icon=&#8220;fas|check&#8220; iconpos=&#8220;left&#8220; title=&#8220;Einfach per Zoom-Besprechung&#8220; title_tag=&#8220;h6&#8243; alignment=&#8220;left&#8220;][\/us_iconbox][us_iconbox icon=&#8220;fas|check&#8220; iconpos=&#8220;left&#8220; title=&#8220;Termin buchen ohne Wartezeit&#8220; title_tag=&#8220;h6&#8243; alignment=&#8220;left&#8220;][\/us_iconbox][us_separator size=&#8220;small&#8220;][us_vwrapper][us_btn label=&#8220;Jetzt Termin buchen&#8220; link=&#8220;url:%23booking|title:Termin%20vereinbaren&#8220;][us_btn label=&#8220;Zur Termin\u00fcbersicht&#8220; link=&#8220;url:https%3A%2F%2Fdev7.alhc.de%2Findex.php%2Fsearch%2F|title:Zur%20Termin%C3%BCbersicht&#8220; style=&#8220;3&#8243;][\/us_vwrapper][us_separator size=&#8220;custom&#8220; height=&#8220;5vh&#8220;][\/vc_column][vc_column width=&#8220;1\/3&#8243;][us_image image=&#8220;150&#8243; size=&#8220;full&#8220; align=&#8220;center&#8220; has_ratio=&#8220;1&#8243; ratio=&#8220;3&#215;4&#8243;][\/vc_column][\/vc_row][vc_row][vc_column][vc_column_text]\n<h2 style=\"text-align: center;\">So nutzen Sie unsere Videoberatung<\/h2>\n[\/vc_column_text][us_separator size=&#8220;small&#8220;][vc_row_inner][vc_column_inner width=&#8220;1\/3&#8243;][us_iconbox icon=&#8220;fad|calendar&#8220; style=&#8220;circle&#8220; size=&#8220;72px&#8220; title=&#8220;1. Buchen Sie einen Termin&#8220;]Starten Sie die Buchung und w\u00e4hlen einen einen Behandlungsgrund aus. W\u00e4hle danach einen Termin, der Ihnen passt.[\/us_iconbox][\/vc_column_inner][vc_column_inner width=&#8220;1\/3&#8243;][us_iconbox icon=&#8220;fad|download&#8220; style=&#8220;circle&#8220; size=&#8220;72px&#8220; title=&#8220;2. Laden Sie sich Zoom runter&#8220;]F\u00fcr eine optimale Besprechung laden Sie sich die Zoom-App runter. Verf\u00fcgbar f\u00fcr Smartphone, Tablet oder PC.[\/us_iconbox][\/vc_column_inner][vc_column_inner width=&#8220;1\/3&#8243;][us_iconbox icon=&#8220;fad|video&#8220; style=&#8220;circle&#8220; size=&#8220;72px&#8220; title=&#8220;3. Gehen Sie per Video zum Tierarzt&#8220;]Ein in Deutschland zugelassener Tierarzt ber\u00e4t Sie zum vereinbarten Zeitpunkt per Zoom-Besprechung.[\/us_iconbox][\/vc_column_inner][\/vc_row_inner][\/vc_column][\/vc_row][vc_row color_scheme=&#8220;primary&#8220;][vc_column width=&#8220;1\/4&#8243;][\/vc_column][vc_column width=&#8220;1\/2&#8243;][vc_column_text]\n<h2 style=\"text-align: center;\">\u00d6ffnungszeiten<\/h2>\n<p class=\"m-0\" style=\"text-align: center;\">Mo\u2013Fr: 9\u201317 Uhr<br \/>\nSa, So: 9\u201312 Uhr[\/vc_column_text][\/vc_column][vc_column width=&#8220;1\/4&#8243;][\/vc_column][\/vc_row][vc_row color_scheme=&#8220;alternate&#8220;][vc_column][vc_row_inner][vc_column_inner width=&#8220;1\/6&#8243;][\/vc_column_inner][vc_column_inner width=&#8220;2\/3&#8243;][vc_column_text]\n<h2 style=\"text-align: center;\">Ihre schnelle Hilfe bei<\/h2>\n<p style=\"text-align: center;\">Unsere Tier\u00e4rzte k\u00f6nnen Sie bei zahlreichen Anliegen per Video beraten. Beachten Sie, dass f\u00fcr einige Symptome und Beschwerden lediglich eine Erstberatung stattfinden kann.<\/p>\n[\/vc_column_text][\/vc_column_inner][vc_column_inner width=&#8220;1\/6&#8243;][\/vc_column_inner][\/vc_row_inner][us_separator size=&#8220;small&#8220;][vc_column_text]<strong>\n<script>\n  var hasBookingShortcode = (typeof hasBookingShortcode === 'undefined') ? false : true;\n  var bookingEntitiesIds = (typeof bookingEntitiesIds === 'undefined') ? [] : bookingEntitiesIds;\n  bookingEntitiesIds.push(\n    {\n      'trigger': '',\n      'show': '',\n      'counter': '0',\n      'category': '',\n      'service': '',\n      'employee': '',\n      'location': '1'\n    }\n  );\n  var lazyBookingEntitiesIds = (typeof lazyBookingEntitiesIds === 'undefined') ? [] : lazyBookingEntitiesIds;\n  if (bookingEntitiesIds[bookingEntitiesIds.length - 1].trigger !== '') {\n    lazyBookingEntitiesIds.push(bookingEntitiesIds.pop());\n  }\n<\/script>\n\n<div id=\"amelia-app-booking0\" class=\"amelia-booking amelia-frontend amelia-app-booking\">\n  <booking id=\"amelia-step-booking0\"><\/booking>\n<\/div>\n\u00a0<\/strong>[\/vc_column_text][\/vc_column][\/vc_row][vc_row color_scheme=&#8220;secondary&#8220; us_bg_image_source=&#8220;media&#8220; us_shape_show_top=&#8220;1&#8243; us_shape_top=&#8220;wave&#8220; us_bg_image=&#8220;200&#8243; us_bg_parallax=&#8220;vertical&#8220; us_bg_parallax_reverse=&#8220;1&#8243; us_bg_overlay_color=&#8220;rgba(239,159,0,0.85)&#8220;][vc_column][us_separator size=&#8220;custom&#8220; height=&#8220;12vh&#8220;][vc_column_text]\n<h2 style=\"text-align: center;\">Das sagen zufriedene Pferdehalter:innen<\/h2>\n<p style=\"text-align: center;\">Begeisterte Stimmen aus ganz Europa:<\/p>\n[\/vc_column_text][us_separator size=&#8220;small&#8220;][us_carousel post_type=&#8220;us_testimonial&#8220; orderby=&#8220;rand&#8220; items_layout=&#8220;142&#8243; carousel_autoplay=&#8220;1&#8243;][\/vc_column][\/vc_row][vc_row el_id=&#8220;booking&#8220;][vc_column][vc_row_inner][vc_column_inner width=&#8220;1\/6&#8243;][\/vc_column_inner][vc_column_inner width=&#8220;2\/3&#8243;][vc_column_text]\n<h2 style=\"text-align: center;\">Jetzt Videoberatung buchen<\/h2>\n[\/vc_column_text][\/vc_column_inner][vc_column_inner width=&#8220;1\/6&#8243;][\/vc_column_inner][\/vc_row_inner][vc_column_text]\n<script>\n  var hasBookingShortcode = (typeof hasBookingShortcode === 'undefined') ? false : true;\n  var bookingEntitiesIds = (typeof bookingEntitiesIds === 'undefined') ? [] : bookingEntitiesIds;\n  bookingEntitiesIds.push(\n    {\n      'trigger': '',\n      'show': '',\n      'counter': '1',\n      'category': '',\n      'service': '',\n      'employee': '',\n      'location': ''\n    }\n  );\n  var lazyBookingEntitiesIds = (typeof lazyBookingEntitiesIds === 'undefined') ? [] : lazyBookingEntitiesIds;\n  if (bookingEntitiesIds[bookingEntitiesIds.length - 1].trigger !== '') {\n    lazyBookingEntitiesIds.push(bookingEntitiesIds.pop());\n  }\n<\/script>\n\n<div id=\"amelia-app-booking1\" class=\"amelia-booking amelia-frontend amelia-app-booking\">\n  <booking id=\"amelia-step-booking1\"><\/booking>\n<\/div>\n[\/vc_column_text][\/vc_column][\/vc_row]\n<p><mark>No block ID is set<\/mark><\/p>\n\n\n<script>\n  var hasBookingShortcode = (typeof hasBookingShortcode === 'undefined') ? false : true;\n  var bookingEntitiesIds = (typeof bookingEntitiesIds === 'undefined') ? [] : bookingEntitiesIds;\n  bookingEntitiesIds.push(\n    {\n      'trigger': '',\n      'show': '',\n      'counter': '2',\n      'category': '1',\n      'service': '',\n      'employee': '',\n      'location': ''\n    }\n  );\n  var lazyBookingEntitiesIds = (typeof lazyBookingEntitiesIds === 'undefined') ? [] : lazyBookingEntitiesIds;\n  if (bookingEntitiesIds[bookingEntitiesIds.length - 1].trigger !== '') {\n    lazyBookingEntitiesIds.push(bookingEntitiesIds.pop());\n  }\n<\/script>\n\n<div id=\"amelia-app-booking2\" class=\"amelia-booking amelia-frontend amelia-app-booking\">\n  <booking id=\"amelia-step-booking2\"><\/booking>\n<\/div>\n\n\n","protected":false},"excerpt":{"rendered":"[vc_row color_scheme=\"secondary\" us_bg_image_source=\"media\" us_shape_show_bottom=\"1\" us_shape_bottom=\"wave\" us_bg_image=\"57\" us_bg_pos=\"top center\" us_bg_parallax=\"vertical\" us_bg_overlay_color=\"rgba(239,159,0,0.70)\" gap=\"\"][vc_column width=\"2\/3\"][vc_column_text] Tsch\u00fcss Pferdetransport. Hallo Online-Tierarzt. [\/vc_column_text][us_iconbox icon=\"fas|check\" iconpos=\"left\" title=\"Schnelle Hilfe f\u00fcr Ihr Pferd\" title_tag=\"h6\" alignment=\"left\"][\/us_iconbox][us_iconbox icon=\"fas|check\" iconpos=\"left\" title=\"Einfach per Zoom-Besprechung\" title_tag=\"h6\" alignment=\"left\"][\/us_iconbox][us_iconbox icon=\"fas|check\" iconpos=\"left\" title=\"Termin buchen ohne Wartezeit\" title_tag=\"h6\" alignment=\"left\"][\/us_iconbox][us_separator size=\"small\"][us_vwrapper][us_btn label=\"Jetzt Termin buchen\" link=\"url:%23booking|title:Termin%20vereinbaren\"][us_btn label=\"Zur Termin\u00fcbersicht\" link=\"url:https%3A%2F%2Fdev7.alhc.de%2Findex.php%2Fsearch%2F|title:Zur%20Termin%C3%BCbersicht\" style=\"3\"][\/us_vwrapper][us_separator size=\"custom\" height=\"5vh\"][\/vc_column][vc_column width=\"1\/3\"][us_image image=\"150\" size=\"full\" [...]","protected":false},"author":2,"featured_media":0,"parent":0,"menu_order":0,"comment_status":"closed","ping_status":"closed","template":"","meta":{"footnotes":""},"class_list":["post-10","page","type-page","status-publish","hentry"],"_links":{"self":[{"href":"https:\/\/staging.equivet24.com\/index.php\/wp-json\/wp\/v2\/pages\/10","targetHints":{"allow":["GET"]}}],"collection":[{"href":"https:\/\/staging.equivet24.com\/index.php\/wp-json\/wp\/v2\/pages"}],"about":[{"href":"https:\/\/staging.equivet24.com\/index.php\/wp-json\/wp\/v2\/types\/page"}],"author":[{"embeddable":true,"href":"https:\/\/staging.equivet24.com\/index.php\/wp-json\/wp\/v2\/users\/2"}],"replies":[{"embeddable":true,"href":"https:\/\/staging.equivet24.com\/index.php\/wp-json\/wp\/v2\/comments?post=10"}],"version-history":[{"count":122,"href":"https:\/\/staging.equivet24.com\/index.php\/wp-json\/wp\/v2\/pages\/10\/revisions"}],"predecessor-version":[{"id":339,"href":"https:\/\/staging.equivet24.com\/index.php\/wp-json\/wp\/v2\/pages\/10\/revisions\/339"}],"wp:attachment":[{"href":"https:\/\/staging.equivet24.com\/index.php\/wp-json\/wp\/v2\/media?parent=10"}],"curies":[{"name":"wp","href":"https:\/\/api.w.org\/{rel}","templated":true}]}}